{"id":139,"date":"2026-01-16T06:51:02","date_gmt":"2026-01-16T06:51:02","guid":{"rendered":"https:\/\/darelhanna.com\/?page_id=139"},"modified":"2026-02-25T16:31:44","modified_gmt":"2026-02-25T16:31:44","slug":"situation","status":"publish","type":"page","link":"https:\/\/darelhanna.com\/index.php\/situation\/","title":{"rendered":"Situation"},"content":{"rendered":"\t\t<div data-elementor-type=\"wp-page\" data-elementor-id=\"139\" class=\"elementor elementor-139\">\n\t\t\t\t<div class=\"elementor-element elementor-element-846f55f e-flex e-con-boxed e-con e-parent\" data-id=\"846f55f\" data-element_type=\"container\">\n\t\t\t\t\t<div class=\"e-con-inner\">\n\t\t\t\t<div class=\"elementor-element elementor-element-608ef39 elementor-widget elementor-widget-image\" data-id=\"608ef39\" data-element_type=\"widget\" data-widget_type=\"image.default\">\n\t\t\t\t\t\t\t\t\t\t\t\t\t\t\t<img loading=\"lazy\" decoding=\"async\" width=\"300\" height=\"227\" src=\"https:\/\/darelhanna.com\/wp-content\/uploads\/2026\/01\/maps_macro-300x227.jpg\" class=\"attachment-medium size-medium wp-image-164\" alt=\"carte interactive de Djerba\" srcset=\"https:\/\/darelhanna.com\/wp-content\/uploads\/2026\/01\/maps_macro-300x227.jpg 300w, https:\/\/darelhanna.com\/wp-content\/uploads\/2026\/01\/maps_macro.jpg 459w\" sizes=\"auto, (max-width: 300px) 100vw, 300px\" \/>\t\t\t\t\t\t\t\t\t\t\t\t\t\t\t<\/div>\n\t\t\t\t<div class=\"elementor-element elementor-element-6509f2d elementor-widget elementor-widget-text-editor\" data-id=\"6509f2d\" data-element_type=\"widget\" data-widget_type=\"text-editor.default\">\n\t\t\t\t\t\t\t\t\t<p><strong>Dar El Hanna<\/strong> est situ\u00e9 sur la c\u00f4te Ouest de Djerba, secteur encore un peu sauvage de l&rsquo;\u00eele et pr\u00e9serv\u00e9 du tourisme de masse.\u00a0<\/p><p>Pour les voyageurs venant en avion, nous ne sommes qu&rsquo;\u00e0 17 km de l&rsquo;a\u00e9roport. Vous aurez\u00a0 la possibilit\u00e9 de prendre un taxi directement \u00e0 l&rsquo;a\u00e9roport mais nous pouvons \u00e9ventuellement assurer le transport moyennant un suppl\u00e9ment.<\/p><p>\u00a0Nous sommes \u00e9galement \u00e0 proximit\u00e9 du bac assurant la liaison entre l&rsquo;\u00eele de Djerba et le continent, ce qui est pratique pour les voyageurs arrivant par la route.\u00a0<\/p><p>A <b>Ajim,<\/b> vous pourrez profiter des nombreux restaurants ainsi que tous les commerces pour les produits de premi\u00e8re n\u00e9cessit\u00e9.\u00a0<\/p><p>Afin de rendre votre s\u00e9jour inoubliable, nous aurons plaisir de vous conseiller pour les visites et\/ou de les organiser pour vous.\u00a0\u00a0<\/p>\t\t\t\t\t\t\t\t<\/div>\n\t\t\t\t\t<\/div>\n\t\t\t\t<\/div>\n\t\t<div class=\"elementor-element elementor-element-db40d8c e-flex e-con-boxed e-con e-parent\" data-id=\"db40d8c\" data-element_type=\"container\">\n\t\t\t\t\t<div class=\"e-con-inner\">\n\t\t\t\t\t<\/div>\n\t\t\t\t<\/div>\n\t\t<div class=\"elementor-element elementor-element-822667d e-flex e-con-boxed e-con e-parent\" data-id=\"822667d\" data-element_type=\"container\">\n\t\t\t\t\t<div class=\"e-con-inner\">\n\t\t\t\t<div class=\"elementor-element elementor-element-dc3430b elementor-widget elementor-widget-text-editor\" data-id=\"dc3430b\" data-element_type=\"widget\" data-widget_type=\"text-editor.default\">\n\t\t\t\t\t\t\t\t\t<p>Coordonn\u00e9es GPS : 33.751944, 10.730620<\/p><p>Adresse : 4135 Djerba Ajim\u00a0<\/p><p>\u00a0<\/p>\t\t\t\t\t\t\t\t<\/div>\n\t\t\t\t\t<\/div>\n\t\t\t\t<\/div>\n\t\t\t\t<\/div>\n\t\t","protected":false},"excerpt":{"rendered":"<p>Dar El Hanna est situ\u00e9 sur la c\u00f4te Ouest de Djerba, secteur encore un peu sauvage de l&rsquo;\u00eele et pr\u00e9serv\u00e9 du tourisme de masse.\u00a0 Pour les voyageurs venant en avion, nous ne sommes qu&rsquo;\u00e0 17 km de l&rsquo;a\u00e9roport. Vous aurez\u00a0&#8230;<\/p>\n","protected":false},"author":1,"featured_media":0,"parent":0,"menu_order":0,"comment_status":"closed","ping_status":"closed","template":"","meta":{"footnotes":""},"class_list":["post-139","page","type-page","status-publish","hentry"],"yoast_head":"<!-- This site is optimized with the Yoast SEO plugin v26.7 - https:\/\/yoast.com\/wordpress\/plugins\/seo\/ -->\n<title>Situation - Dar EL Hanna<\/title>\n<meta name=\"robots\" content=\"index, follow, max-snippet:-1, max-image-preview:large, max-video-preview:-1\" \/>\n<link rel=\"canonical\" href=\"https:\/\/darelhanna.com\/index.php\/situation\/\" \/>\n<meta property=\"og:locale\" content=\"fr_FR\" \/>\n<meta property=\"og:type\" content=\"article\" \/>\n<meta property=\"og:title\" content=\"Situation - Dar EL Hanna\" \/>\n<meta property=\"og:description\" content=\"Dar El Hanna est situ\u00e9 sur la c\u00f4te Ouest de Djerba, secteur encore un peu sauvage de l&rsquo;\u00eele et pr\u00e9serv\u00e9 du tourisme de masse.\u00a0 Pour les voyageurs venant en avion, nous ne sommes qu&rsquo;\u00e0 17 km de l&rsquo;a\u00e9roport. Vous aurez\u00a0...\" \/>\n<meta property=\"og:url\" content=\"https:\/\/darelhanna.com\/index.php\/situation\/\" \/>\n<meta property=\"og:site_name\" content=\"Dar EL Hanna\" \/>\n<meta property=\"article:modified_time\" content=\"2026-02-25T16:31:44+00:00\" \/>\n<meta property=\"og:image\" content=\"http:\/\/darelhanna.com\/wp-content\/uploads\/2026\/01\/maps_macro-300x227.jpg\" \/>\n<meta name=\"twitter:card\" content=\"summary_large_image\" \/>\n<meta name=\"twitter:label1\" content=\"Dur\u00e9e de lecture estim\u00e9e\" \/>\n\t<meta name=\"twitter:data1\" content=\"1 minute\" \/>\n<script type=\"application\/ld+json\" class=\"yoast-schema-graph\">{\"@context\":\"https:\/\/schema.org\",\"@graph\":[{\"@type\":\"WebPage\",\"@id\":\"https:\/\/darelhanna.com\/index.php\/situation\/\",\"url\":\"https:\/\/darelhanna.com\/index.php\/situation\/\",\"name\":\"Situation - Dar EL Hanna\",\"isPartOf\":{\"@id\":\"http:\/\/darelhanna.com\/#website\"},\"primaryImageOfPage\":{\"@id\":\"https:\/\/darelhanna.com\/index.php\/situation\/#primaryimage\"},\"image\":{\"@id\":\"https:\/\/darelhanna.com\/index.php\/situation\/#primaryimage\"},\"thumbnailUrl\":\"http:\/\/darelhanna.com\/wp-content\/uploads\/2026\/01\/maps_macro-300x227.jpg\",\"datePublished\":\"2026-01-16T06:51:02+00:00\",\"dateModified\":\"2026-02-25T16:31:44+00:00\",\"breadcrumb\":{\"@id\":\"https:\/\/darelhanna.com\/index.php\/situation\/#breadcrumb\"},\"inLanguage\":\"fr-FR\",\"potentialAction\":[{\"@type\":\"ReadAction\",\"target\":[\"https:\/\/darelhanna.com\/index.php\/situation\/\"]}]},{\"@type\":\"ImageObject\",\"inLanguage\":\"fr-FR\",\"@id\":\"https:\/\/darelhanna.com\/index.php\/situation\/#primaryimage\",\"url\":\"https:\/\/darelhanna.com\/wp-content\/uploads\/2026\/01\/maps_macro.jpg\",\"contentUrl\":\"https:\/\/darelhanna.com\/wp-content\/uploads\/2026\/01\/maps_macro.jpg\",\"width\":459,\"height\":348,\"caption\":\"carte interactive de Djerba\"},{\"@type\":\"BreadcrumbList\",\"@id\":\"https:\/\/darelhanna.com\/index.php\/situation\/#breadcrumb\",\"itemListElement\":[{\"@type\":\"ListItem\",\"position\":1,\"name\":\"Accueil\",\"item\":\"http:\/\/darelhanna.com\/\"},{\"@type\":\"ListItem\",\"position\":2,\"name\":\"Situation\"}]},{\"@type\":\"WebSite\",\"@id\":\"http:\/\/darelhanna.com\/#website\",\"url\":\"http:\/\/darelhanna.com\/\",\"name\":\"Dar EL Hanna\",\"description\":\"\",\"potentialAction\":[{\"@type\":\"SearchAction\",\"target\":{\"@type\":\"EntryPoint\",\"urlTemplate\":\"http:\/\/darelhanna.com\/?s={search_term_string}\"},\"query-input\":{\"@type\":\"PropertyValueSpecification\",\"valueRequired\":true,\"valueName\":\"search_term_string\"}}],\"inLanguage\":\"fr-FR\"}]}<\/script>\n<!-- \/ Yoast SEO plugin. -->","yoast_head_json":{"title":"Situation - Dar EL Hanna","robots":{"index":"index","follow":"follow","max-snippet":"max-snippet:-1","max-image-preview":"max-image-preview:large","max-video-preview":"max-video-preview:-1"},"canonical":"https:\/\/darelhanna.com\/index.php\/situation\/","og_locale":"fr_FR","og_type":"article","og_title":"Situation - Dar EL Hanna","og_description":"Dar El Hanna est situ\u00e9 sur la c\u00f4te Ouest de Djerba, secteur encore un peu sauvage de l&rsquo;\u00eele et pr\u00e9serv\u00e9 du tourisme de masse.\u00a0 Pour les voyageurs venant en avion, nous ne sommes qu&rsquo;\u00e0 17 km de l&rsquo;a\u00e9roport. Vous aurez\u00a0...","og_url":"https:\/\/darelhanna.com\/index.php\/situation\/","og_site_name":"Dar EL Hanna","article_modified_time":"2026-02-25T16:31:44+00:00","og_image":[{"url":"http:\/\/darelhanna.com\/wp-content\/uploads\/2026\/01\/maps_macro-300x227.jpg","type":"","width":"","height":""}],"twitter_card":"summary_large_image","twitter_misc":{"Dur\u00e9e de lecture estim\u00e9e":"1 minute"},"schema":{"@context":"https:\/\/schema.org","@graph":[{"@type":"WebPage","@id":"https:\/\/darelhanna.com\/index.php\/situation\/","url":"https:\/\/darelhanna.com\/index.php\/situation\/","name":"Situation - Dar EL Hanna","isPartOf":{"@id":"http:\/\/darelhanna.com\/#website"},"primaryImageOfPage":{"@id":"https:\/\/darelhanna.com\/index.php\/situation\/#primaryimage"},"image":{"@id":"https:\/\/darelhanna.com\/index.php\/situation\/#primaryimage"},"thumbnailUrl":"http:\/\/darelhanna.com\/wp-content\/uploads\/2026\/01\/maps_macro-300x227.jpg","datePublished":"2026-01-16T06:51:02+00:00","dateModified":"2026-02-25T16:31:44+00:00","breadcrumb":{"@id":"https:\/\/darelhanna.com\/index.php\/situation\/#breadcrumb"},"inLanguage":"fr-FR","potentialAction":[{"@type":"ReadAction","target":["https:\/\/darelhanna.com\/index.php\/situation\/"]}]},{"@type":"ImageObject","inLanguage":"fr-FR","@id":"https:\/\/darelhanna.com\/index.php\/situation\/#primaryimage","url":"https:\/\/darelhanna.com\/wp-content\/uploads\/2026\/01\/maps_macro.jpg","contentUrl":"https:\/\/darelhanna.com\/wp-content\/uploads\/2026\/01\/maps_macro.jpg","width":459,"height":348,"caption":"carte interactive de Djerba"},{"@type":"BreadcrumbList","@id":"https:\/\/darelhanna.com\/index.php\/situation\/#breadcrumb","itemListElement":[{"@type":"ListItem","position":1,"name":"Accueil","item":"http:\/\/darelhanna.com\/"},{"@type":"ListItem","position":2,"name":"Situation"}]},{"@type":"WebSite","@id":"http:\/\/darelhanna.com\/#website","url":"http:\/\/darelhanna.com\/","name":"Dar EL Hanna","description":"","potentialAction":[{"@type":"SearchAction","target":{"@type":"EntryPoint","urlTemplate":"http:\/\/darelhanna.com\/?s={search_term_string}"},"query-input":{"@type":"PropertyValueSpecification","valueRequired":true,"valueName":"search_term_string"}}],"inLanguage":"fr-FR"}]}},"_links":{"self":[{"href":"https:\/\/darelhanna.com\/index.php\/wp-json\/wp\/v2\/pages\/139","targetHints":{"allow":["GET"]}}],"collection":[{"href":"https:\/\/darelhanna.com\/index.php\/wp-json\/wp\/v2\/pages"}],"about":[{"href":"https:\/\/darelhanna.com\/index.php\/wp-json\/wp\/v2\/types\/page"}],"author":[{"embeddable":true,"href":"https:\/\/darelhanna.com\/index.php\/wp-json\/wp\/v2\/users\/1"}],"replies":[{"embeddable":true,"href":"https:\/\/darelhanna.com\/index.php\/wp-json\/wp\/v2\/comments?post=139"}],"version-history":[{"count":22,"href":"https:\/\/darelhanna.com\/index.php\/wp-json\/wp\/v2\/pages\/139\/revisions"}],"predecessor-version":[{"id":324,"href":"https:\/\/darelhanna.com\/index.php\/wp-json\/wp\/v2\/pages\/139\/revisions\/324"}],"wp:attachment":[{"href":"https:\/\/darelhanna.com\/index.php\/wp-json\/wp\/v2\/media?parent=139"}],"curies":[{"name":"wp","href":"https:\/\/api.w.org\/{rel}","templated":true}]}}