{"id":154,"date":"2026-01-16T14:40:42","date_gmt":"2026-01-16T14:40:42","guid":{"rendered":"https:\/\/darelhanna.com\/?page_id=154"},"modified":"2026-03-11T11:05:01","modified_gmt":"2026-03-11T11:05:01","slug":"visitez-djerba","status":"publish","type":"page","link":"https:\/\/darelhanna.com\/index.php\/visitez-djerba\/","title":{"rendered":"Visitez Djerba"},"content":{"rendered":"\t\t<div data-elementor-type=\"wp-page\" data-elementor-id=\"154\" class=\"elementor elementor-154\">\n\t\t\t\t<div class=\"elementor-element elementor-element-2a68606 e-flex e-con-boxed e-con e-parent\" data-id=\"2a68606\" data-element_type=\"container\">\n\t\t\t\t\t<div class=\"e-con-inner\">\n\t\t\t\t<div class=\"elementor-element elementor-element-87cd518 elementor-widget elementor-widget-text-editor\" data-id=\"87cd518\" data-element_type=\"widget\" data-widget_type=\"text-editor.default\">\n\t\t\t\t\t\t\t\t\t<p>Notre maison d&rsquo;h\u00f4te vous accueille comme chez vous et sera votre port d&rsquo;attache pour explorer Djerba. Vous pourrez profiter de chambres confortables, de moments de d\u00e9tente au bord de la piscine et partir \u00e0 la d\u00e9couverte de l&rsquo;\u00eele : march\u00e9s color\u00e9s, villages traditionnels et plages ensoleill\u00e9es vous attendent.<\/p><p>En fonction de la dur\u00e9e de votre s\u00e9jour, nous pourrons \u00e9galement organiser pour vous un s\u00e9jour dans le d\u00e9sert tunisien.\u00a0 Vous pourrez profiter d&rsquo;instants magiques \u00e0 la rencontre des peuples nomades, des dunes dor\u00e9es, des oasis secr\u00e8tes, des magnifiques coucher de soleil et des ciels \u00e9toil\u00e9s \u00e0 couper le souffle &#8230; Chaque excursion sera une immersion dans un univers magique ou silence et beaut\u00e9 se rencontrent.<\/p><p>Apr\u00e8s vos explorations, la t\u00eate bien remplie de souvenirs inoubliables, vous retrouverez le confort et la chaleur de votre port d&rsquo;attache \u00e0 Djerba.<\/p><p>Djerba, authentique et chaleureuse, n&rsquo;attend plus que vous.<\/p>\t\t\t\t\t\t\t\t<\/div>\n\t\t\t\t\t<\/div>\n\t\t\t\t<\/div>\n\t\t<div class=\"elementor-element elementor-element-0f11912 e-flex e-con-boxed e-con e-parent\" data-id=\"0f11912\" data-element_type=\"container\">\n\t\t\t\t\t<div class=\"e-con-inner\">\n\t\t\t\t\t<\/div>\n\t\t\t\t<\/div>\n\t\t\t\t<\/div>\n\t\t","protected":false},"excerpt":{"rendered":"<p>Notre maison d&rsquo;h\u00f4te vous accueille comme chez vous et sera votre port d&rsquo;attache pour explorer Djerba. Vous pourrez profiter de chambres confortables, de moments de d\u00e9tente au bord de la piscine et partir \u00e0 la d\u00e9couverte de l&rsquo;\u00eele : march\u00e9s&#8230;<\/p>\n","protected":false},"author":1,"featured_media":0,"parent":0,"menu_order":0,"comment_status":"closed","ping_status":"closed","template":"","meta":{"footnotes":""},"class_list":["post-154","page","type-page","status-publish","hentry"],"yoast_head":"<!-- This site is optimized with the Yoast SEO plugin v26.7 - https:\/\/yoast.com\/wordpress\/plugins\/seo\/ -->\n<title>Visitez Djerba - Dar EL Hanna<\/title>\n<meta name=\"robots\" content=\"index, follow, max-snippet:-1, max-image-preview:large, max-video-preview:-1\" \/>\n<link rel=\"canonical\" href=\"http:\/\/darelhanna.com\/index.php\/visitez-djerba\/\" \/>\n<meta property=\"og:locale\" content=\"fr_FR\" \/>\n<meta property=\"og:type\" content=\"article\" \/>\n<meta property=\"og:title\" content=\"Visitez Djerba - Dar EL Hanna\" \/>\n<meta property=\"og:description\" content=\"Notre maison d&rsquo;h\u00f4te vous accueille comme chez vous et sera votre port d&rsquo;attache pour explorer Djerba. Vous pourrez profiter de chambres confortables, de moments de d\u00e9tente au bord de la piscine et partir \u00e0 la d\u00e9couverte de l&rsquo;\u00eele : march\u00e9s...\" \/>\n<meta property=\"og:url\" content=\"http:\/\/darelhanna.com\/index.php\/visitez-djerba\/\" \/>\n<meta property=\"og:site_name\" content=\"Dar EL Hanna\" \/>\n<meta property=\"article:modified_time\" content=\"2026-03-11T11:05:01+00:00\" \/>\n<meta name=\"twitter:card\" content=\"summary_large_image\" \/>\n<meta name=\"twitter:label1\" content=\"Dur\u00e9e de lecture estim\u00e9e\" \/>\n\t<meta name=\"twitter:data1\" content=\"1 minute\" \/>\n<script type=\"application\/ld+json\" class=\"yoast-schema-graph\">{\"@context\":\"https:\/\/schema.org\",\"@graph\":[{\"@type\":\"WebPage\",\"@id\":\"http:\/\/darelhanna.com\/index.php\/visitez-djerba\/\",\"url\":\"http:\/\/darelhanna.com\/index.php\/visitez-djerba\/\",\"name\":\"Visitez Djerba - Dar EL Hanna\",\"isPartOf\":{\"@id\":\"http:\/\/darelhanna.com\/#website\"},\"datePublished\":\"2026-01-16T14:40:42+00:00\",\"dateModified\":\"2026-03-11T11:05:01+00:00\",\"breadcrumb\":{\"@id\":\"http:\/\/darelhanna.com\/index.php\/visitez-djerba\/#breadcrumb\"},\"inLanguage\":\"fr-FR\",\"potentialAction\":[{\"@type\":\"ReadAction\",\"target\":[\"http:\/\/darelhanna.com\/index.php\/visitez-djerba\/\"]}]},{\"@type\":\"BreadcrumbList\",\"@id\":\"http:\/\/darelhanna.com\/index.php\/visitez-djerba\/#breadcrumb\",\"itemListElement\":[{\"@type\":\"ListItem\",\"position\":1,\"name\":\"Accueil\",\"item\":\"http:\/\/darelhanna.com\/\"},{\"@type\":\"ListItem\",\"position\":2,\"name\":\"Visitez Djerba\"}]},{\"@type\":\"WebSite\",\"@id\":\"http:\/\/darelhanna.com\/#website\",\"url\":\"http:\/\/darelhanna.com\/\",\"name\":\"Dar EL Hanna\",\"description\":\"\",\"potentialAction\":[{\"@type\":\"SearchAction\",\"target\":{\"@type\":\"EntryPoint\",\"urlTemplate\":\"http:\/\/darelhanna.com\/?s={search_term_string}\"},\"query-input\":{\"@type\":\"PropertyValueSpecification\",\"valueRequired\":true,\"valueName\":\"search_term_string\"}}],\"inLanguage\":\"fr-FR\"}]}<\/script>\n<!-- \/ Yoast SEO plugin. -->","yoast_head_json":{"title":"Visitez Djerba - Dar EL Hanna","robots":{"index":"index","follow":"follow","max-snippet":"max-snippet:-1","max-image-preview":"max-image-preview:large","max-video-preview":"max-video-preview:-1"},"canonical":"http:\/\/darelhanna.com\/index.php\/visitez-djerba\/","og_locale":"fr_FR","og_type":"article","og_title":"Visitez Djerba - Dar EL Hanna","og_description":"Notre maison d&rsquo;h\u00f4te vous accueille comme chez vous et sera votre port d&rsquo;attache pour explorer Djerba. Vous pourrez profiter de chambres confortables, de moments de d\u00e9tente au bord de la piscine et partir \u00e0 la d\u00e9couverte de l&rsquo;\u00eele : march\u00e9s...","og_url":"http:\/\/darelhanna.com\/index.php\/visitez-djerba\/","og_site_name":"Dar EL Hanna","article_modified_time":"2026-03-11T11:05:01+00:00","twitter_card":"summary_large_image","twitter_misc":{"Dur\u00e9e de lecture estim\u00e9e":"1 minute"},"schema":{"@context":"https:\/\/schema.org","@graph":[{"@type":"WebPage","@id":"http:\/\/darelhanna.com\/index.php\/visitez-djerba\/","url":"http:\/\/darelhanna.com\/index.php\/visitez-djerba\/","name":"Visitez Djerba - Dar EL Hanna","isPartOf":{"@id":"http:\/\/darelhanna.com\/#website"},"datePublished":"2026-01-16T14:40:42+00:00","dateModified":"2026-03-11T11:05:01+00:00","breadcrumb":{"@id":"http:\/\/darelhanna.com\/index.php\/visitez-djerba\/#breadcrumb"},"inLanguage":"fr-FR","potentialAction":[{"@type":"ReadAction","target":["http:\/\/darelhanna.com\/index.php\/visitez-djerba\/"]}]},{"@type":"BreadcrumbList","@id":"http:\/\/darelhanna.com\/index.php\/visitez-djerba\/#breadcrumb","itemListElement":[{"@type":"ListItem","position":1,"name":"Accueil","item":"http:\/\/darelhanna.com\/"},{"@type":"ListItem","position":2,"name":"Visitez Djerba"}]},{"@type":"WebSite","@id":"http:\/\/darelhanna.com\/#website","url":"http:\/\/darelhanna.com\/","name":"Dar EL Hanna","description":"","potentialAction":[{"@type":"SearchAction","target":{"@type":"EntryPoint","urlTemplate":"http:\/\/darelhanna.com\/?s={search_term_string}"},"query-input":{"@type":"PropertyValueSpecification","valueRequired":true,"valueName":"search_term_string"}}],"inLanguage":"fr-FR"}]}},"_links":{"self":[{"href":"https:\/\/darelhanna.com\/index.php\/wp-json\/wp\/v2\/pages\/154","targetHints":{"allow":["GET"]}}],"collection":[{"href":"https:\/\/darelhanna.com\/index.php\/wp-json\/wp\/v2\/pages"}],"about":[{"href":"https:\/\/darelhanna.com\/index.php\/wp-json\/wp\/v2\/types\/page"}],"author":[{"embeddable":true,"href":"https:\/\/darelhanna.com\/index.php\/wp-json\/wp\/v2\/users\/1"}],"replies":[{"embeddable":true,"href":"https:\/\/darelhanna.com\/index.php\/wp-json\/wp\/v2\/comments?post=154"}],"version-history":[{"count":25,"href":"https:\/\/darelhanna.com\/index.php\/wp-json\/wp\/v2\/pages\/154\/revisions"}],"predecessor-version":[{"id":446,"href":"https:\/\/darelhanna.com\/index.php\/wp-json\/wp\/v2\/pages\/154\/revisions\/446"}],"wp:attachment":[{"href":"https:\/\/darelhanna.com\/index.php\/wp-json\/wp\/v2\/media?parent=154"}],"curies":[{"name":"wp","href":"https:\/\/api.w.org\/{rel}","templated":true}]}}