{"id":87,"date":"2026-01-15T16:50:52","date_gmt":"2026-01-15T16:50:52","guid":{"rendered":"https:\/\/darelhanna.com\/?page_id=87"},"modified":"2026-02-28T07:30:00","modified_gmt":"2026-02-28T07:30:00","slug":"accueil","status":"publish","type":"page","link":"https:\/\/darelhanna.com\/","title":{"rendered":"Accueil"},"content":{"rendered":"\t\t<div data-elementor-type=\"wp-page\" data-elementor-id=\"87\" class=\"elementor elementor-87\">\n\t\t\t\t<div class=\"elementor-element elementor-element-4f034cc e-flex e-con-boxed e-con e-parent\" data-id=\"4f034cc\" data-element_type=\"container\">\n\t\t\t\t\t<div class=\"e-con-inner\">\n\t\t\t\t<div class=\"elementor-element elementor-element-b36a753 elementor-widget elementor-widget-image\" data-id=\"b36a753\" data-element_type=\"widget\" data-widget_type=\"image.default\">\n\t\t\t\t\t\t\t\t\t\t\t\t\t\t\t<img loading=\"lazy\" decoding=\"async\" width=\"400\" height=\"260\" src=\"http:\/\/darelhanna.com\/wp-content\/uploads\/2026\/01\/logo_maison-400x260.png\" class=\"attachment-courtyard-400x260 size-courtyard-400x260 wp-image-204\" alt=\"logo_maison\" \/>\t\t\t\t\t\t\t\t\t\t\t\t\t\t\t<\/div>\n\t\t\t\t\t<\/div>\n\t\t\t\t<\/div>\n\t\t<div class=\"elementor-element elementor-element-8a11f52 e-flex e-con-boxed e-con e-parent\" data-id=\"8a11f52\" data-element_type=\"container\">\n\t\t\t\t\t<div class=\"e-con-inner\">\n\t\t\t\t<div class=\"elementor-element elementor-element-29951f6 elementor-widget elementor-widget-text-editor\" data-id=\"29951f6\" data-element_type=\"widget\" data-widget_type=\"text-editor.default\">\n\t\t\t\t\t\t\t\t\t<p><em><strong>Dar El Hanna<\/strong><\/em> est une maison o\u00f9 le temps ralenti.<\/p><p>Face \u00e0 la mer, baign\u00e9e de soleil et de lumi\u00e8re, elle s&rsquo;ouvre comme une parenth\u00e8se de douceur au c\u0153ur de Djerba.<\/p><p>Ici, le murmure des vagues accompagne les matin\u00e9es, le soleil caresse les murs blancs, et chaque instant invite au calme et \u00e0 la s\u00e9r\u00e9nit\u00e9.<\/p><p>Alliant tradition Djerbienne et modernisme contemporain, <em><strong>Dar el Hanna<\/strong><\/em> est une maison du bonheur, un refuge paisible o\u00f9 l&rsquo;on vient se reposer, respirer et savourer la beaut\u00e9 simple de l&rsquo;\u00eele.<\/p><p>Entre soleil et mer, laissez-vous accueillir par l&rsquo;\u00e2me de Djerba.<\/p>\t\t\t\t\t\t\t\t<\/div>\n\t\t\t\t\t<\/div>\n\t\t\t\t<\/div>\n\t\t<div class=\"elementor-element elementor-element-ac6ee35 e-flex e-con-boxed e-con e-parent\" data-id=\"ac6ee35\" data-element_type=\"container\" data-settings=\"{&quot;background_background&quot;:&quot;gradient&quot;}\">\n\t\t\t\t\t<div class=\"e-con-inner\">\n\t\t\t\t\t<\/div>\n\t\t\t\t<\/div>\n\t\t<div class=\"elementor-element elementor-element-5b3adbb e-flex e-con-boxed e-con e-parent\" data-id=\"5b3adbb\" data-element_type=\"container\">\n\t\t\t\t\t<div class=\"e-con-inner\">\n\t\t\t\t\t<\/div>\n\t\t\t\t<\/div>\n\t\t\t\t<\/div>\n\t\t","protected":false},"excerpt":{"rendered":"<p>Dar El Hanna est une maison o\u00f9 le temps ralenti. Face \u00e0 la mer, baign\u00e9e de soleil et de lumi\u00e8re, elle s&rsquo;ouvre comme une parenth\u00e8se de douceur au c\u0153ur de Djerba. Ici, le murmure des vagues accompagne les matin\u00e9es, le&#8230;<\/p>\n","protected":false},"author":1,"featured_media":0,"parent":0,"menu_order":0,"comment_status":"closed","ping_status":"closed","template":"page-templates\/template-image-slider.php","meta":{"footnotes":""},"class_list":["post-87","page","type-page","status-publish","hentry"],"yoast_head":"<!-- This site is optimized with the Yoast SEO plugin v26.7 - https:\/\/yoast.com\/wordpress\/plugins\/seo\/ -->\n<title>Accueil - Dar EL Hanna<\/title>\n<meta name=\"robots\" content=\"index, follow, max-snippet:-1, max-image-preview:large, max-video-preview:-1\" \/>\n<link rel=\"canonical\" href=\"http:\/\/darelhanna.com\/\" \/>\n<meta property=\"og:locale\" content=\"fr_FR\" \/>\n<meta property=\"og:type\" content=\"article\" \/>\n<meta property=\"og:title\" content=\"Accueil - Dar EL Hanna\" \/>\n<meta property=\"og:description\" content=\"Dar El Hanna est une maison o\u00f9 le temps ralenti. Face \u00e0 la mer, baign\u00e9e de soleil et de lumi\u00e8re, elle s&rsquo;ouvre comme une parenth\u00e8se de douceur au c\u0153ur de Djerba. Ici, le murmure des vagues accompagne les matin\u00e9es, le...\" \/>\n<meta property=\"og:url\" content=\"http:\/\/darelhanna.com\/\" \/>\n<meta property=\"og:site_name\" content=\"Dar EL Hanna\" \/>\n<meta property=\"article:modified_time\" content=\"2026-02-28T07:30:00+00:00\" \/>\n<meta property=\"og:image\" content=\"http:\/\/darelhanna.com\/wp-content\/uploads\/2026\/01\/logo_maison-400x260.png\" \/>\n<meta name=\"twitter:card\" content=\"summary_large_image\" \/>\n<meta name=\"twitter:label1\" content=\"Dur\u00e9e de lecture estim\u00e9e\" \/>\n\t<meta name=\"twitter:data1\" content=\"1 minute\" \/>\n<script type=\"application\/ld+json\" class=\"yoast-schema-graph\">{\"@context\":\"https:\/\/schema.org\",\"@graph\":[{\"@type\":\"WebPage\",\"@id\":\"http:\/\/darelhanna.com\/\",\"url\":\"http:\/\/darelhanna.com\/\",\"name\":\"Accueil - Dar EL Hanna\",\"isPartOf\":{\"@id\":\"http:\/\/darelhanna.com\/#website\"},\"primaryImageOfPage\":{\"@id\":\"http:\/\/darelhanna.com\/#primaryimage\"},\"image\":{\"@id\":\"http:\/\/darelhanna.com\/#primaryimage\"},\"thumbnailUrl\":\"http:\/\/darelhanna.com\/wp-content\/uploads\/2026\/01\/logo_maison-400x260.png\",\"datePublished\":\"2026-01-15T16:50:52+00:00\",\"dateModified\":\"2026-02-28T07:30:00+00:00\",\"breadcrumb\":{\"@id\":\"http:\/\/darelhanna.com\/#breadcrumb\"},\"inLanguage\":\"fr-FR\",\"potentialAction\":[{\"@type\":\"ReadAction\",\"target\":[\"http:\/\/darelhanna.com\/\"]}]},{\"@type\":\"ImageObject\",\"inLanguage\":\"fr-FR\",\"@id\":\"http:\/\/darelhanna.com\/#primaryimage\",\"url\":\"https:\/\/darelhanna.com\/wp-content\/uploads\/2026\/01\/logo_maison.png\",\"contentUrl\":\"https:\/\/darelhanna.com\/wp-content\/uploads\/2026\/01\/logo_maison.png\",\"width\":1536,\"height\":1024,\"caption\":\"logo_maison\"},{\"@type\":\"BreadcrumbList\",\"@id\":\"http:\/\/darelhanna.com\/#breadcrumb\",\"itemListElement\":[{\"@type\":\"ListItem\",\"position\":1,\"name\":\"Accueil\",\"item\":\"http:\/\/darelhanna.com\/\"},{\"@type\":\"ListItem\",\"position\":2,\"name\":\"Accueil\"}]},{\"@type\":\"WebSite\",\"@id\":\"http:\/\/darelhanna.com\/#website\",\"url\":\"http:\/\/darelhanna.com\/\",\"name\":\"Dar EL Hanna\",\"description\":\"\",\"potentialAction\":[{\"@type\":\"SearchAction\",\"target\":{\"@type\":\"EntryPoint\",\"urlTemplate\":\"http:\/\/darelhanna.com\/?s={search_term_string}\"},\"query-input\":{\"@type\":\"PropertyValueSpecification\",\"valueRequired\":true,\"valueName\":\"search_term_string\"}}],\"inLanguage\":\"fr-FR\"}]}<\/script>\n<!-- \/ Yoast SEO plugin. -->","yoast_head_json":{"title":"Accueil - Dar EL Hanna","robots":{"index":"index","follow":"follow","max-snippet":"max-snippet:-1","max-image-preview":"max-image-preview:large","max-video-preview":"max-video-preview:-1"},"canonical":"http:\/\/darelhanna.com\/","og_locale":"fr_FR","og_type":"article","og_title":"Accueil - Dar EL Hanna","og_description":"Dar El Hanna est une maison o\u00f9 le temps ralenti. Face \u00e0 la mer, baign\u00e9e de soleil et de lumi\u00e8re, elle s&rsquo;ouvre comme une parenth\u00e8se de douceur au c\u0153ur de Djerba. Ici, le murmure des vagues accompagne les matin\u00e9es, le...","og_url":"http:\/\/darelhanna.com\/","og_site_name":"Dar EL Hanna","article_modified_time":"2026-02-28T07:30:00+00:00","og_image":[{"url":"http:\/\/darelhanna.com\/wp-content\/uploads\/2026\/01\/logo_maison-400x260.png","type":"","width":"","height":""}],"twitter_card":"summary_large_image","twitter_misc":{"Dur\u00e9e de lecture estim\u00e9e":"1 minute"},"schema":{"@context":"https:\/\/schema.org","@graph":[{"@type":"WebPage","@id":"http:\/\/darelhanna.com\/","url":"http:\/\/darelhanna.com\/","name":"Accueil - Dar EL Hanna","isPartOf":{"@id":"http:\/\/darelhanna.com\/#website"},"primaryImageOfPage":{"@id":"http:\/\/darelhanna.com\/#primaryimage"},"image":{"@id":"http:\/\/darelhanna.com\/#primaryimage"},"thumbnailUrl":"http:\/\/darelhanna.com\/wp-content\/uploads\/2026\/01\/logo_maison-400x260.png","datePublished":"2026-01-15T16:50:52+00:00","dateModified":"2026-02-28T07:30:00+00:00","breadcrumb":{"@id":"http:\/\/darelhanna.com\/#breadcrumb"},"inLanguage":"fr-FR","potentialAction":[{"@type":"ReadAction","target":["http:\/\/darelhanna.com\/"]}]},{"@type":"ImageObject","inLanguage":"fr-FR","@id":"http:\/\/darelhanna.com\/#primaryimage","url":"https:\/\/darelhanna.com\/wp-content\/uploads\/2026\/01\/logo_maison.png","contentUrl":"https:\/\/darelhanna.com\/wp-content\/uploads\/2026\/01\/logo_maison.png","width":1536,"height":1024,"caption":"logo_maison"},{"@type":"BreadcrumbList","@id":"http:\/\/darelhanna.com\/#breadcrumb","itemListElement":[{"@type":"ListItem","position":1,"name":"Accueil","item":"http:\/\/darelhanna.com\/"},{"@type":"ListItem","position":2,"name":"Accueil"}]},{"@type":"WebSite","@id":"http:\/\/darelhanna.com\/#website","url":"http:\/\/darelhanna.com\/","name":"Dar EL Hanna","description":"","potentialAction":[{"@type":"SearchAction","target":{"@type":"EntryPoint","urlTemplate":"http:\/\/darelhanna.com\/?s={search_term_string}"},"query-input":{"@type":"PropertyValueSpecification","valueRequired":true,"valueName":"search_term_string"}}],"inLanguage":"fr-FR"}]}},"_links":{"self":[{"href":"https:\/\/darelhanna.com\/index.php\/wp-json\/wp\/v2\/pages\/87","targetHints":{"allow":["GET"]}}],"collection":[{"href":"https:\/\/darelhanna.com\/index.php\/wp-json\/wp\/v2\/pages"}],"about":[{"href":"https:\/\/darelhanna.com\/index.php\/wp-json\/wp\/v2\/types\/page"}],"author":[{"embeddable":true,"href":"https:\/\/darelhanna.com\/index.php\/wp-json\/wp\/v2\/users\/1"}],"replies":[{"embeddable":true,"href":"https:\/\/darelhanna.com\/index.php\/wp-json\/wp\/v2\/comments?post=87"}],"version-history":[{"count":22,"href":"https:\/\/darelhanna.com\/index.php\/wp-json\/wp\/v2\/pages\/87\/revisions"}],"predecessor-version":[{"id":379,"href":"https:\/\/darelhanna.com\/index.php\/wp-json\/wp\/v2\/pages\/87\/revisions\/379"}],"wp:attachment":[{"href":"https:\/\/darelhanna.com\/index.php\/wp-json\/wp\/v2\/media?parent=87"}],"curies":[{"name":"wp","href":"https:\/\/api.w.org\/{rel}","templated":true}]}}